{"id":36,"date":"2020-06-05T16:27:11","date_gmt":"2020-06-05T14:27:11","guid":{"rendered":"http:\/\/transiterre.com\/index.php\/colibri-wp\/"},"modified":"2025-01-27T15:45:13","modified_gmt":"2025-01-27T14:45:13","slug":"colibri-wp","status":"publish","type":"page","link":"https:\/\/transiterre.com\/","title":{"rendered":"Front Page"},"content":{"rendered":"<div data-colibri-id=\"36-c1\" class=\"style-315 style-local-36-c1 position-relative\">\n  <!---->\n  <div data-colibri-component=\"section\" data-colibri-id=\"36-c2\" id=\"reusable-sections\" class=\"h-section h-section-global-spacing d-flex align-items-lg-center align-items-md-center align-items-center style-316 style-local-36-c2 position-relative\">\n    <!---->\n    <!---->\n    <div class=\"h-section-grid-container h-section-boxed-container\">\n      <!---->\n      <div data-colibri-id=\"36-c3\" class=\"h-row-container gutters-row-lg-1 gutters-row-md-1 gutters-row-0 gutters-row-v-lg-1 gutters-row-v-md-1 gutters-row-v-1 style-317 style-local-36-c3 position-relative\">\n        <!---->\n        <div class=\"h-row justify-content-lg-center justify-content-md-center justify-content-center align-items-lg-stretch align-items-md-stretch align-items-stretch gutters-col-lg-1 gutters-col-md-1 gutters-col-0 gutters-col-v-lg-1 gutters-col-v-md-1 gutters-col-v-1\">\n          <!---->\n          <div class=\"h-column h-column-container d-flex h-col-lg-auto h-col-md-auto h-col-auto style-318-outer style-local-36-c4-outer\">\n            <div data-colibri-id=\"36-c4\" class=\"d-flex h-flex-basis h-column__inner h-px-lg-3 h-px-md-3 h-px-3 v-inner-lg-3 v-inner-md-3 v-inner-3 style-318 style-local-36-c4 position-relative\">\n              <!---->\n              <!---->\n              <div class=\"w-100 h-y-container h-column__content h-column__v-align flex-basis-100 align-self-lg-center align-self-md-center align-self-center\">\n                <!---->\n                <div data-colibri-id=\"36-c5\" class=\"h-text h-text-component style-319 style-local-36-c5 position-relative h-element\">\n                  <!---->\n                  <!---->\n                  <div class=\"\">\n                    <p>Notre ambition : faire face aux d\u00e9fis d&#8217;aujourd&#8217;hui pour anticiper le monde de demain.<\/p>\n                  <\/div>\n                <\/div>\n              <\/div>\n            <\/div>\n          <\/div>\n          <div class=\"h-column h-column-container d-flex h-col-lg-auto h-col-md-auto h-col-auto style-320-outer style-local-36-c6-outer\">\n            <div data-colibri-id=\"36-c6\" class=\"d-flex h-flex-basis h-column__inner h-px-lg-3 h-px-md-3 h-px-3 v-inner-lg-3 v-inner-md-3 v-inner-3 style-320 style-local-36-c6 position-relative\">\n              <!---->\n              <!---->\n              <div class=\"w-100 h-y-container h-column__content h-column__v-align flex-basis-100 align-self-lg-start align-self-md-start align-self-start\">\n                <!---->\n                <div data-colibri-id=\"36-c7\" class=\"h-text h-text-component style-321 style-local-36-c7 position-relative h-element\">\n                  <!---->\n                  <!---->\n                  <div class=\"\">\n                    <p>L\u2019 \u00e9nergie et les mobilit\u00e9s repr\u00e9sentent deux domaines dans lesquels les \u00e9volutions seront majeures, dans un futur proche. Notre objectif est de vous accompagner sur le chemin d\u2019une transition n\u00e9cessaire pour un monde plus vivable,\n                      dans le respect de la r\u00e9glementation.<\/p>\n                    <p>Pour les professionnels, nous pouvons aussi vous accompagner sur la cr\u00e9ation ou la refonte de votre identit\u00e9 visuelle : logo, charte graphique, site internet.. pour des communications et des visuels impactants.<\/p>\n                    <p>Ensemble, contribuons \u00e0 changer le monde !<\/p>\n                  <\/div>\n                <\/div>\n              <\/div>\n            <\/div>\n          <\/div>\n        <\/div>\n      <\/div>\n    <\/div>\n  <\/div>\n  <div data-colibri-component=\"section\" data-colibri-id=\"36-c8\" id=\"reusable-sections-2\" class=\"h-section h-section-global-spacing d-flex align-items-lg-center align-items-md-center align-items-center style-322 style-local-36-c8 position-relative\">\n    <!---->\n    <!---->\n    <div class=\"h-section-grid-container h-section-boxed-container\">\n      <!---->\n      <div data-colibri-id=\"36-c9\" class=\"h-row-container gutters-row-lg-3 gutters-row-md-3 gutters-row-2 gutters-row-v-lg-3 gutters-row-v-md-3 gutters-row-v-3 style-323 style-local-36-c9 position-relative\">\n        <!---->\n        <div class=\"h-row justify-content-lg-center justify-content-md-center justify-content-center align-items-lg-stretch align-items-md-stretch align-items-stretch gutters-col-lg-3 gutters-col-md-3 gutters-col-2 gutters-col-v-lg-3 gutters-col-v-md-3 gutters-col-v-3\">\n          <!---->\n          <div class=\"h-column h-column-container d-flex h-col-lg-4 h-col-md-6 h-col-12 style-324-outer style-local-36-c10-outer\">\n            <div data-colibri-id=\"36-c10\" class=\"d-flex h-flex-basis h-column__inner h-px-lg-0 h-px-md-0 h-px-0 v-inner-lg-0 v-inner-md-0 v-inner-0 style-324 style-local-36-c10 position-relative\">\n              <!---->\n              <!---->\n              <div class=\"w-100 h-y-container h-column__content h-column__v-align flex-basis-100 align-self-lg-start align-self-md-start align-self-start\">\n                <!---->\n                <div data-colibri-id=\"36-c11\" class=\"d-block style-325 style-local-36-c11 position-relative h-element\">\n                  <!---->\n                  <div class=\"h-image__frame-container-outer\">\n                    <a href=\"https:\/\/transiterre.com\/index.php\/methanisation\" h-use-smooth-scroll=\"true\" class=\"image-link\">\n                      <div class=\"h-image__frame-container\">\n                        <!---->\n                        <!---->\n                        <img loading=\"lazy\" decoding=\"async\" width=\"1707\" height=\"1707\" src=\"https:\/\/transiterre.com\/wp-content\/uploads\/2025\/01\/cropped-cropped-cropped-AdobeStock_593343008-scaled-1.jpeg\" class=\"wp-image-1138 style-325-image style-local-36-c11-image\" alt=\"\" srcset=\"https:\/\/transiterre.com\/wp-content\/uploads\/2025\/01\/cropped-cropped-cropped-AdobeStock_593343008-scaled-1.jpeg 1707w, https:\/\/transiterre.com\/wp-content\/uploads\/2025\/01\/cropped-cropped-cropped-AdobeStock_593343008-scaled-1-300x300.jpeg 300w, https:\/\/transiterre.com\/wp-content\/uploads\/2025\/01\/cropped-cropped-cropped-AdobeStock_593343008-scaled-1-1024x1024.jpeg 1024w, https:\/\/transiterre.com\/wp-content\/uploads\/2025\/01\/cropped-cropped-cropped-AdobeStock_593343008-scaled-1-150x150.jpeg 150w, https:\/\/transiterre.com\/wp-content\/uploads\/2025\/01\/cropped-cropped-cropped-AdobeStock_593343008-scaled-1-768x768.jpeg 768w, https:\/\/transiterre.com\/wp-content\/uploads\/2025\/01\/cropped-cropped-cropped-AdobeStock_593343008-scaled-1-1536x1536.jpeg 1536w\" sizes=\"auto, (max-width: 1707px) 100vw, 1707px\" \/>\n                        <div class=\"h-image__frame h-hide-lg h-hide-md h-hide-sm style-325-frameImage style-local-36-c11-frameImage\"><\/div>\n                      <\/div>\n                    <\/a>\n                  <\/div>\n                <\/div>\n                <div data-colibri-id=\"36-c12\" class=\"h-row-container gutters-row-lg-0 gutters-row-md-0 gutters-row-2 gutters-row-v-lg-0 gutters-row-v-md-0 gutters-row-v-2 style-326 style-local-36-c12 position-relative\">\n                  <!---->\n                  <div class=\"h-row justify-content-lg-center justify-content-md-center justify-content-center align-items-lg-stretch align-items-md-stretch align-items-stretch gutters-col-lg-0 gutters-col-md-0 gutters-col-2 gutters-col-v-lg-0 gutters-col-v-md-0 gutters-col-v-2\">\n                    <!---->\n                    <div class=\"h-column h-column-container d-flex h-col-lg-auto h-col-md-auto h-col-auto style-327-outer style-local-36-c13-outer\">\n                      <div data-colibri-id=\"36-c13\" class=\"d-flex h-flex-basis h-column__inner h-px-lg-2 h-px-md-3 h-px-2 v-inner-lg-2 v-inner-md-3 v-inner-2 style-327 style-local-36-c13 position-relative\">\n                        <!---->\n                        <!---->\n                        <div class=\"w-100 h-y-container h-column__content h-column__v-align flex-basis-100 align-self-lg-start align-self-md-start align-self-start\">\n                          <!---->\n                          <div data-colibri-id=\"36-c14\" class=\"h-global-transition-all h-heading style-328 style-local-36-c14 position-relative h-element\">\n                            <!---->\n                            <div class=\"h-heading__outer style-328 style-local-36-c14\">\n                              <!---->\n                              <!---->\n                              <a href=\"https:\/\/transiterre.com\/index.php\/methanisation\" h-use-smooth-scroll=\"true\">\n                                <h4 class=\"\">M\u00c9THANISATION AGRICOLE<\/h4>\n                              <\/a>\n                            <\/div>\n                          <\/div>\n                        <\/div>\n                      <\/div>\n                    <\/div>\n                  <\/div>\n                <\/div>\n              <\/div>\n            <\/div>\n          <\/div>\n          <div class=\"h-column h-column-container d-flex h-col-lg-4 h-col-md-6 h-col-12 style-324-outer style-local-36-c15-outer\">\n            <div data-colibri-id=\"36-c15\" class=\"d-flex h-flex-basis h-column__inner h-px-lg-0 h-px-md-0 h-px-0 v-inner-lg-0 v-inner-md-0 v-inner-0 style-324 style-local-36-c15 position-relative\">\n              <!---->\n              <!---->\n              <div class=\"w-100 h-y-container h-column__content h-column__v-align flex-basis-100 align-self-lg-start align-self-md-start align-self-start\">\n                <!---->\n                <div data-colibri-id=\"36-c16\" class=\"d-block style-325 style-local-36-c16 position-relative h-element\">\n                  <!---->\n                  <div class=\"h-image__frame-container-outer\">\n                    <a href=\"https:\/\/transiterre.com\/index.php\/mobilite\" h-use-smooth-scroll=\"true\" class=\"image-link\">\n                      <div class=\"h-image__frame-container\">\n                        <!---->\n                        <!---->\n                        <img loading=\"lazy\" decoding=\"async\" width=\"1534\" height=\"1533\" src=\"https:\/\/transiterre.com\/wp-content\/uploads\/2025\/01\/cropped-cropped-cropped-cropped-AdobeStock_537095002-scaled-1.jpeg\" class=\"wp-image-1139 style-325-image style-local-36-c16-image\" alt=\"\" srcset=\"https:\/\/transiterre.com\/wp-content\/uploads\/2025\/01\/cropped-cropped-cropped-cropped-AdobeStock_537095002-scaled-1.jpeg 1534w, https:\/\/transiterre.com\/wp-content\/uploads\/2025\/01\/cropped-cropped-cropped-cropped-AdobeStock_537095002-scaled-1-300x300.jpeg 300w, https:\/\/transiterre.com\/wp-content\/uploads\/2025\/01\/cropped-cropped-cropped-cropped-AdobeStock_537095002-scaled-1-1024x1024.jpeg 1024w, https:\/\/transiterre.com\/wp-content\/uploads\/2025\/01\/cropped-cropped-cropped-cropped-AdobeStock_537095002-scaled-1-150x150.jpeg 150w, https:\/\/transiterre.com\/wp-content\/uploads\/2025\/01\/cropped-cropped-cropped-cropped-AdobeStock_537095002-scaled-1-768x767.jpeg 768w\" sizes=\"auto, (max-width: 1534px) 100vw, 1534px\" \/>\n                        <div class=\"h-image__frame h-hide-lg h-hide-md h-hide-sm style-325-frameImage style-local-36-c16-frameImage\"><\/div>\n                      <\/div>\n                    <\/a>\n                  <\/div>\n                <\/div>\n                <div data-colibri-id=\"36-c17\" class=\"h-row-container gutters-row-lg-0 gutters-row-md-0 gutters-row-2 gutters-row-v-lg-0 gutters-row-v-md-0 gutters-row-v-2 style-326 style-local-36-c17 position-relative\">\n                  <!---->\n                  <div class=\"h-row justify-content-lg-center justify-content-md-center justify-content-center align-items-lg-stretch align-items-md-stretch align-items-stretch gutters-col-lg-0 gutters-col-md-0 gutters-col-2 gutters-col-v-lg-0 gutters-col-v-md-0 gutters-col-v-2\">\n                    <!---->\n                    <div class=\"h-column h-column-container d-flex h-col-lg-auto h-col-md-auto h-col-auto style-327-outer style-local-36-c18-outer\">\n                      <div data-colibri-id=\"36-c18\" class=\"d-flex h-flex-basis h-column__inner h-px-lg-2 h-px-md-3 h-px-2 v-inner-lg-2 v-inner-md-3 v-inner-2 style-327 style-local-36-c18 position-relative\">\n                        <!---->\n                        <!---->\n                        <div class=\"w-100 h-y-container h-column__content h-column__v-align flex-basis-100 align-self-lg-start align-self-md-start align-self-start\">\n                          <!---->\n                          <div data-colibri-id=\"36-c19\" class=\"h-global-transition-all h-heading style-328 style-local-36-c19 position-relative h-element\">\n                            <!---->\n                            <div class=\"h-heading__outer style-328 style-local-36-c19\">\n                              <!---->\n                              <!---->\n                              <a href=\"https:\/\/transiterre.com\/index.php\/mobilite\" h-use-smooth-scroll=\"true\">\n                                <h4 class=\"\">MOBILITES<\/h4>\n                              <\/a>\n                            <\/div>\n                          <\/div>\n                        <\/div>\n                      <\/div>\n                    <\/div>\n                  <\/div>\n                <\/div>\n              <\/div>\n            <\/div>\n          <\/div>\n          <div class=\"h-column h-column-container d-flex h-col-lg-4 h-col-md-6 h-col-12 style-453-outer style-local-36-c20-outer\">\n            <div data-colibri-id=\"36-c20\" class=\"d-flex h-flex-basis h-column__inner h-px-lg-0 h-px-md-0 h-px-0 v-inner-lg-0 v-inner-md-0 v-inner-0 style-453 style-local-36-c20 position-relative\">\n              <!---->\n              <!---->\n              <div class=\"w-100 h-y-container h-column__content h-column__v-align flex-basis-100 align-self-lg-start align-self-md-start align-self-start\">\n                <!---->\n                <div data-colibri-id=\"36-c21\" class=\"d-block style-454 style-local-36-c21 position-relative h-element\">\n                  <!---->\n                  <div class=\"h-image__frame-container-outer\">\n                    <a href=\"https:\/\/transiterre.com\/index.php\/design\" h-use-smooth-scroll=\"true\" class=\"image-link\">\n                      <div class=\"h-image__frame-container\">\n                        <!---->\n                        <!---->\n                        <img loading=\"lazy\" decoding=\"async\" width=\"1706\" height=\"1706\" src=\"https:\/\/transiterre.com\/wp-content\/uploads\/2025\/01\/cropped-cropped-AdobeStock_421402686-scaled-1-2.jpeg\" class=\"wp-image-1141 style-454-image style-local-36-c21-image\" alt=\"\" srcset=\"https:\/\/transiterre.com\/wp-content\/uploads\/2025\/01\/cropped-cropped-AdobeStock_421402686-scaled-1-2.jpeg 1706w, https:\/\/transiterre.com\/wp-content\/uploads\/2025\/01\/cropped-cropped-AdobeStock_421402686-scaled-1-2-300x300.jpeg 300w, https:\/\/transiterre.com\/wp-content\/uploads\/2025\/01\/cropped-cropped-AdobeStock_421402686-scaled-1-2-1024x1024.jpeg 1024w, https:\/\/transiterre.com\/wp-content\/uploads\/2025\/01\/cropped-cropped-AdobeStock_421402686-scaled-1-2-150x150.jpeg 150w, https:\/\/transiterre.com\/wp-content\/uploads\/2025\/01\/cropped-cropped-AdobeStock_421402686-scaled-1-2-768x768.jpeg 768w, https:\/\/transiterre.com\/wp-content\/uploads\/2025\/01\/cropped-cropped-AdobeStock_421402686-scaled-1-2-1536x1536.jpeg 1536w\" sizes=\"auto, (max-width: 1706px) 100vw, 1706px\" \/>\n                        <div class=\"h-image__frame h-hide-lg h-hide-md h-hide-sm style-454-frameImage style-local-36-c21-frameImage\"><\/div>\n                      <\/div>\n                    <\/a>\n                  <\/div>\n                <\/div>\n                <div data-colibri-id=\"36-c22\" class=\"h-row-container gutters-row-lg-0 gutters-row-md-0 gutters-row-0 gutters-row-v-lg-0 gutters-row-v-md-0 gutters-row-v-0 style-466 style-local-36-c22 position-relative\">\n                  <!---->\n                  <div class=\"h-row justify-content-lg-center justify-content-md-center justify-content-center align-items-lg-stretch align-items-md-stretch align-items-stretch gutters-col-lg-0 gutters-col-md-0 gutters-col-0 gutters-col-v-lg-0 gutters-col-v-md-0 gutters-col-v-0\">\n                    <!---->\n                    <div class=\"h-column h-column-container d-flex h-col-lg-12 h-col-md-12 h-col-12 style-468-outer style-local-36-c23-outer\">\n                      <div data-colibri-id=\"36-c23\" class=\"d-flex h-flex-basis h-column__inner h-px-lg-2 h-px-md-2 h-px-2 v-inner-lg-2 v-inner-md-2 v-inner-2 style-468 style-local-36-c23 position-relative\">\n                        <!---->\n                        <!---->\n                        <div class=\"w-100 h-y-container h-column__content h-column__v-align flex-basis-100 align-self-lg-start align-self-md-start align-self-start\">\n                          <!---->\n                          <div data-colibri-id=\"36-c24\" class=\"h-lead h-text h-text-component style-455 style-local-36-c24 position-relative h-element\">\n                            <!---->\n                            <!---->\n                            <div class=\"\">\n                              <p>GRAPHISME<\/p>\n                            <\/div>\n                          <\/div>\n                        <\/div>\n                      <\/div>\n                    <\/div>\n                  <\/div>\n                <\/div>\n              <\/div>\n            <\/div>\n          <\/div>\n        <\/div>\n      <\/div>\n    <\/div>\n  <\/div>\n<\/div>","protected":false},"excerpt":{"rendered":"<p>Notre ambition : faire face aux d\u00e9fis d&#8217;aujourd&#8217;hui pour anticiper le monde de demain. L\u2019 \u00e9nergie et les mobilit\u00e9s repr\u00e9sentent deux domaines dans lesquels les \u00e9volutions seront majeures, dans un futur proche. Notre objectif est de vous accompagner sur le chemin d\u2019une transition n\u00e9cessaire pour un monde plus vivable, dans le respect de la r\u00e9glementation. [&hellip;]<\/p>\n","protected":false},"author":1,"featured_media":0,"parent":0,"menu_order":0,"comment_status":"closed","ping_status":"closed","template":"page-templates\/homepage.php","meta":{"footnotes":""},"class_list":["post-36","page","type-page","status-publish","hentry"],"_links":{"self":[{"href":"https:\/\/transiterre.com\/index.php\/wp-json\/wp\/v2\/pages\/36","targetHints":{"allow":["GET"]}}],"collection":[{"href":"https:\/\/transiterre.com\/index.php\/wp-json\/wp\/v2\/pages"}],"about":[{"href":"https:\/\/transiterre.com\/index.php\/wp-json\/wp\/v2\/types\/page"}],"author":[{"embeddable":true,"href":"https:\/\/transiterre.com\/index.php\/wp-json\/wp\/v2\/users\/1"}],"replies":[{"embeddable":true,"href":"https:\/\/transiterre.com\/index.php\/wp-json\/wp\/v2\/comments?post=36"}],"version-history":[{"count":20,"href":"https:\/\/transiterre.com\/index.php\/wp-json\/wp\/v2\/pages\/36\/revisions"}],"predecessor-version":[{"id":1287,"href":"https:\/\/transiterre.com\/index.php\/wp-json\/wp\/v2\/pages\/36\/revisions\/1287"}],"wp:attachment":[{"href":"https:\/\/transiterre.com\/index.php\/wp-json\/wp\/v2\/media?parent=36"}],"curies":[{"name":"wp","href":"https:\/\/api.w.org\/{rel}","templated":true}]}}