{"id":130,"date":"2020-06-06T15:30:09","date_gmt":"2020-06-06T13:30:09","guid":{"rendered":"http:\/\/transiterre.com\/index.php\/qui-sommes-nous\/"},"modified":"2025-01-27T15:38:41","modified_gmt":"2025-01-27T14:38:41","slug":"qui-sommes-nous","status":"publish","type":"page","link":"https:\/\/transiterre.com\/index.php\/qui-sommes-nous\/","title":{"rendered":"Qui sommes-nous ?"},"content":{"rendered":"<div data-colibri-id=\"130-c1\" class=\"style-264 style-local-130-c1 position-relative\">\n  <!---->\n  <div data-colibri-component=\"section\" data-colibri-id=\"130-c2\" id=\"reusable-sections\" class=\"h-section h-section-global-spacing d-flex align-items-lg-center align-items-md-center align-items-center style-265 style-local-130-c2 position-relative\">\n    <!---->\n    <!---->\n    <div class=\"h-section-grid-container h-section-boxed-container\">\n      <!---->\n      <div data-colibri-id=\"130-c3\" class=\"h-row-container gutters-row-lg-2 gutters-row-md-2 gutters-row-0 gutters-row-v-lg-2 gutters-row-v-md-2 gutters-row-v-2 style-274 style-local-130-c3 position-relative\">\n        <!---->\n        <div class=\"h-row justify-content-lg-center justify-content-md-center justify-content-center align-items-lg-stretch align-items-md-stretch align-items-stretch gutters-col-lg-2 gutters-col-md-2 gutters-col-0 gutters-col-v-lg-2 gutters-col-v-md-2 gutters-col-v-2\">\n          <!---->\n          <div class=\"h-column h-column-container d-flex h-col-lg-auto h-col-md-auto h-col-auto style-275-outer style-local-130-c4-outer\">\n            <div data-colibri-id=\"130-c4\" class=\"d-flex h-flex-basis h-column__inner h-px-lg-2 h-px-md-2 h-px-2 v-inner-lg-2 v-inner-md-2 v-inner-2 style-275 style-local-130-c4 position-relative\">\n              <!---->\n              <!---->\n              <div class=\"w-100 h-y-container h-column__content h-column__v-align flex-basis-100 align-self-lg-start align-self-md-start align-self-start\">\n                <!---->\n                <div data-colibri-id=\"130-c5\" class=\"h-text h-text-component style-276 style-local-130-c5 position-relative h-element\">\n                  <!---->\n                  <!---->\n                  <div class=\"\">\n                    <p>Faisons connaissance\n                      <br>\n                    <\/p>\n                  <\/div>\n                <\/div>\n              <\/div>\n            <\/div>\n          <\/div>\n        <\/div>\n      <\/div>\n      <div data-colibri-id=\"130-c6\" class=\"h-row-container gutters-row-lg-2 gutters-row-md-2 gutters-row-2 gutters-row-v-lg-2 gutters-row-v-md-2 gutters-row-v-2 style-266 style-local-130-c6 position-relative\">\n        <!---->\n        <div class=\"h-row justify-content-lg-center justify-content-md-center justify-content-center align-items-lg-stretch align-items-md-stretch align-items-stretch gutters-col-lg-2 gutters-col-md-2 gutters-col-2 gutters-col-v-lg-2 gutters-col-v-md-2 gutters-col-v-2\">\n          <!---->\n          <div class=\"h-column h-column-container d-flex h-col-lg-auto h-col-md-auto h-col-auto style-272-outer style-local-130-c7-outer\">\n            <div data-colibri-id=\"130-c7\" class=\"d-flex h-flex-basis h-column__inner h-px-lg-0 h-px-md-0 h-px-2 v-inner-lg-0 v-inner-md-0 v-inner-2 style-272 style-local-130-c7 position-relative\">\n              <!---->\n              <!---->\n              <div class=\"w-100 h-y-container h-column__content h-column__v-align flex-basis-100 align-self-lg-center align-self-md-center align-self-center\">\n                <!---->\n                <div data-colibri-id=\"130-c8\" class=\"h-text h-text-component style-279 style-local-130-c8 position-relative h-element\">\n                  <!---->\n                  <!---->\n                  <div class=\"\">\n                    <p>Sylvie Beaugendre\n                      <br>\n                    <\/p>\n                  <\/div>\n                <\/div>\n                <div data-colibri-id=\"130-c9\" class=\"d-block style-330 style-local-130-c9 position-relative h-element\">\n                  <!---->\n                  <div class=\"h-image__frame-container-outer\">\n                    <div class=\"h-image__frame-container\">\n                      <!---->\n                      <!---->\n                      <img loading=\"lazy\" decoding=\"async\" width=\"1172\" height=\"1179\" src=\"https:\/\/transiterre.com\/wp-content\/uploads\/2020\/06\/DSC04724.jpg\" class=\"wp-image-718 style-330-image style-local-130-c9-image\" alt=\"\" srcset=\"https:\/\/transiterre.com\/wp-content\/uploads\/2020\/06\/DSC04724.jpg 1172w, https:\/\/transiterre.com\/wp-content\/uploads\/2020\/06\/DSC04724-298x300.jpg 298w, https:\/\/transiterre.com\/wp-content\/uploads\/2020\/06\/DSC04724-1018x1024.jpg 1018w, https:\/\/transiterre.com\/wp-content\/uploads\/2020\/06\/DSC04724-150x150.jpg 150w, https:\/\/transiterre.com\/wp-content\/uploads\/2020\/06\/DSC04724-768x773.jpg 768w\" sizes=\"auto, (max-width: 1172px) 100vw, 1172px\" \/>\n                      <div class=\"h-image__frame h-hide-lg h-hide-md h-hide-sm style-330-frameImage style-local-130-c9-frameImage\"><\/div>\n                    <\/div>\n                  <\/div>\n                <\/div>\n                <div data-colibri-id=\"130-c10\" class=\"h-text h-text-component style-280 style-local-130-c10 position-relative h-element\">\n                  <!---->\n                  <!---->\n                  <div class=\"\">\n                    <p>Sp\u00e9cialiste des questions agricoles, de mobilit\u00e9 et form\u00e9e en graphisme, j&#8217;ai cr\u00e9\u00e9 TransiTerre en 2020.&nbsp;<\/p>\n                  <\/div>\n                <\/div>\n              <\/div>\n            <\/div>\n          <\/div>\n          <div class=\"h-column h-column-container d-flex h-col-lg-auto h-col-md-auto h-col-auto style-267-outer style-local-130-c11-outer\">\n            <div data-colibri-id=\"130-c11\" class=\"d-flex h-flex-basis h-column__inner h-px-lg-2 h-px-md-2 h-px-2 v-inner-lg-2 v-inner-md-2 v-inner-2 style-267 style-local-130-c11 position-relative\">\n              <!---->\n              <!---->\n              <div class=\"w-100 h-y-container h-column__content h-column__v-align flex-basis-100 align-self-lg-center align-self-md-center align-self-center\">\n                <!---->\n                <div data-colibri-id=\"130-c12\" class=\"h-global-transition-all h-heading style-268 style-local-130-c12 position-relative h-element\">\n                  <!---->\n                  <div class=\"h-heading__outer style-268 style-local-130-c12\">\n                    <!---->\n                    <!---->\n                    <h5 class=\"\">Formation<\/h5>\n                  <\/div>\n                <\/div>\n                <div data-colibri-id=\"130-c13\" class=\"h-lead h-text h-text-component style-269 style-local-130-c13 position-relative h-element\">\n                  <!---->\n                  <!---->\n                  <div class=\"\">\n                    <ul>\n                      <li>Ing\u00e9nieure agronome (Nancy, 2007)<\/li>\n                      <li>Master II TITUS (Transports, Intermodalit\u00e9s, Territoires de l&#8217;Universit\u00e9 de Savoie, 2019)<\/li>\n                      <li>Formation en graphiste multim\u00e9dia (bac+2, Studi, 2025)<\/li>\n                    <\/ul>\n                    <p>&nbsp;&nbsp;&nbsp;Mais aussi&#8230;\n                      <br>\n                    <\/p>\n                    <ul>\n                      <li>MOOC Gestion de projet et MOOC \u00c9conomie circulaire (2018)<\/li>\n                      <li>\u00c9crivain public (2011)<\/li>\n                    <\/ul>\n                    <p>\n                      <br>\n                    <\/p>\n                    <p>\n                      <br>\n                    <\/p>\n                  <\/div>\n                <\/div>\n                <div data-colibri-id=\"130-c14\" class=\"h-text h-text-component style-277 style-local-130-c14 position-relative h-element\">\n                  <!---->\n                  <!---->\n                  <div class=\"\">\n                    <p>Parcours et exp\u00e9rience<\/p>\n                  <\/div>\n                <\/div>\n                <div data-colibri-id=\"130-c15\" class=\"h-text h-text-component style-278 style-local-130-c15 position-relative h-element\">\n                  <!---->\n                  <!---->\n                  <div class=\"\">\n                    <ul>\n                      <li>Dix ans de conseil en milieu agricole : technico-\u00e9conomique, financier, \u00e9nergies renouvelables, accompagnement de projets \u00e0 l&#8217;installation\/diversification\/changement d&#8217;atelier&#8230;<\/li>\n                    <\/ul>\n                    <p>\n                      <br>\n                    <\/p>\n                    <ul>\n                      <li>Deux ans d&#8217;exp\u00e9rience en bureau d&#8217;\u00e9tudes sur les questions de mobilit\u00e9 pour des collectivit\u00e9s territoriales (PDU, sch\u00e9ma directeur cycles&#8230;) et des priv\u00e9s (gestion du stationnement&#8230;)<\/li>\n                    <\/ul>\n                  <\/div>\n                <\/div>\n              <\/div>\n            <\/div>\n          <\/div>\n        <\/div>\n      <\/div>\n      <div data-colibri-id=\"130-c16\" class=\"h-row-container gutters-row-lg-2 gutters-row-md-2 gutters-row-0 gutters-row-v-lg-2 gutters-row-v-md-2 gutters-row-v-2 style-361 style-local-130-c16 position-relative\">\n        <!---->\n        <div class=\"h-row justify-content-lg-center justify-content-md-center justify-content-center align-items-lg-stretch align-items-md-stretch align-items-stretch gutters-col-lg-2 gutters-col-md-2 gutters-col-0 gutters-col-v-lg-2 gutters-col-v-md-2 gutters-col-v-2\">\n          <!---->\n          <div class=\"h-column h-column-container d-flex h-col-lg-auto h-col-md-auto h-col-auto style-362-outer style-local-130-c17-outer\">\n            <div data-colibri-id=\"130-c17\" class=\"d-flex h-flex-basis h-column__inner h-px-lg-3 h-px-md-3 h-px-3 v-inner-lg-3 v-inner-md-3 v-inner-3 style-362 style-local-130-c17 position-relative\">\n              <!---->\n              <!---->\n              <div class=\"w-100 h-y-container h-column__content h-column__v-align flex-basis-100 align-self-lg-start align-self-md-start align-self-start\">\n                <!---->\n                <div data-colibri-id=\"130-c18\" class=\"h-x-container style-270 style-local-130-c18 position-relative h-element\">\n                  <!---->\n                  <div class=\"h-x-container-inner style-dynamic-130-c18-group style-270-spacing style-local-130-c18-spacing\"><span class=\"h-button__outer style-271-outer style-local-130-c19-outer d-inline-flex h-element\"><a h-use-smooth-scroll=\"true\" href=\"https:\/\/transiterre.com\/index.php\/contact\"  data-colibri-id=\"130-c19\" class=\"d-flex w-100 align-items-center h-button justify-content-lg-center justify-content-md-center justify-content-center style-271 style-local-130-c19 position-relative\"><!----><!----> <span>Contactez-moi<\/span><\/a>\n                    <\/span>\n                  <\/div>\n                <\/div>\n              <\/div>\n            <\/div>\n          <\/div>\n        <\/div>\n      <\/div>\n    <\/div>\n  <\/div>\n  <div data-colibri-component=\"section\" data-colibri-id=\"130-c20\" id=\"custom\" class=\"h-section h-section-global-spacing d-flex align-items-lg-center align-items-md-center align-items-center style-442 style-local-130-c20 position-relative\">\n    <!---->\n    <!---->\n    <div class=\"h-section-grid-container h-section-boxed-container\">\n      <!---->\n      <div data-colibri-id=\"130-c21\" class=\"h-row-container gutters-row-lg-2 gutters-row-md-2 gutters-row-0 gutters-row-v-lg-2 gutters-row-v-md-2 gutters-row-v-2 style-443 style-local-130-c21 position-relative\">\n        <!---->\n        <div class=\"h-row justify-content-lg-center justify-content-md-center justify-content-center align-items-lg-stretch align-items-md-stretch align-items-stretch gutters-col-lg-2 gutters-col-md-2 gutters-col-0 gutters-col-v-lg-2 gutters-col-v-md-2 gutters-col-v-2\">\n          <!---->\n          <div class=\"h-column h-column-container d-flex h-col-lg-auto h-col-md-auto h-col-auto style-444-outer style-local-130-c22-outer\">\n            <div data-colibri-id=\"130-c22\" class=\"d-flex h-flex-basis h-column__inner h-px-lg-2 h-px-md-2 h-px-2 v-inner-lg-2 v-inner-md-2 v-inner-2 style-444 style-local-130-c22 position-relative\">\n              <!---->\n              <!---->\n              <div class=\"w-100 h-y-container h-column__content h-column__v-align flex-basis-100 align-self-lg-start align-self-md-start align-self-start\">\n                <!---->\n                <div data-colibri-id=\"130-c23\" class=\"h-text h-text-component style-447 style-local-130-c23 position-relative h-element\">\n                  <!---->\n                  <!---->\n                  <div class=\"\">\n                    <p>Activit\u00e9 exerc\u00e9e par la coop\u00e9rative d&#8217;entrepreneurs Oxalis<\/p>\n                  <\/div>\n                <\/div>\n                <div data-colibri-id=\"130-c24\" class=\"h-text h-text-component style-446 style-local-130-c24 position-relative h-element\">\n                  <!---->\n                  <!---->\n                  <div class=\"\">\n                    <p># 3 bonnes raisons de choisir un\u2022e entrepreneur\u2022e salari\u00e9\u2022e associ\u00e9\u2022e d\u2019OXALIS :<\/p>\n                    <p>#1. Ensemble, nous sommes \u00ab solides \u00bb : avec 12 millions \u20ac de CA mutualis\u00e9 en 2022 et des activit\u00e9s qui se d\u00e9veloppent depuis bient\u00f4t 30 ans, il y a moins de risque de banqueroute ! Nous avons une assise financi\u00e8re, la structuration\n                      assurantielle et plus largement administrative avec 250 activit\u00e9s en France. En cas de d\u00e9faillance d\u2019un\u2022e coop\u00e9rateur\u2022rice, la continuit\u00e9 de missions peut \u00eatre envisag\u00e9e gr\u00e2ce au vivier d\u2019entrepreneur\u2022es.<\/p>\n                    <p>#2. Ensemble, nous sommes \u00ab co-responsables \u00bb : contrairement aux ind\u00e9pendants et freelances, nous participons \u00e0 l\u2019effort de solidarit\u00e9 national et sommes \u00e9ligibles \u00e0 la TVA. Nous sommes prot\u00e9g\u00e9s socialement et cotisons au r\u00e9gime g\u00e9n\u00e9ral\n                      : assurance maladie, assurance ch\u00f4mage, ainsi qu&#8217;au r\u00e9gime de retraite. Enfin, en tant que salari\u00e9\u2022e\u2022s, nous gagnons des droits \u00e0 la formation professionnelle et c\u2019est important dans nos m\u00e9tiers. Ensemble, nous s\u00e9curisons nos parcours.<\/p>\n                    <p>#3. Ensemble, nous sommes \u00ab coop\u00e9rateur\u2022ice\u2022s \u00bb : nous mutualisons, partageons, coop\u00e9rons, agissons, gouvernons pour faire d\u00e9mocratie \u00e9conomique. Ensemble, nous sommes capables de nous adapter, de faire preuve de souplesse et d&#8217;agilit\u00e9.\n                      En partageant notre entreprise, nous visons la r\u00e9silience \u00e9conomique et participons \u00e0 une \u00e9conomie sociale et solidaire.<\/p>\n                  <\/div>\n                <\/div>\n              <\/div>\n            <\/div>\n          <\/div>\n          <div class=\"h-column h-column-container d-flex h-col-lg-auto h-col-md-auto h-col-auto style-445-outer style-local-130-c25-outer\">\n            <div data-colibri-id=\"130-c25\" class=\"d-flex h-flex-basis h-column__inner h-px-lg-2 h-px-md-2 h-px-2 v-inner-lg-2 v-inner-md-2 v-inner-2 style-445 style-local-130-c25 position-relative\">\n              <!---->\n              <!---->\n              <div class=\"w-100 h-y-container h-column__content h-column__v-align flex-basis-100 align-self-lg-start align-self-md-start align-self-start\">\n                <!---->\n                <div data-colibri-id=\"130-c26\" class=\"d-block style-450 style-local-130-c26 position-relative h-element\">\n                  <!---->\n                  <div class=\"h-image__frame-container-outer\">\n                    <div class=\"h-image__frame-container\">\n                      <!---->\n                      <!---->\n                      <img loading=\"lazy\" decoding=\"async\" width=\"500\" height=\"139\" src=\"https:\/\/transiterre.com\/wp-content\/uploads\/2025\/01\/cropped-logoOXALIS.png\" class=\"wp-image-1066 style-450-image style-local-130-c26-image\" alt=\"\" srcset=\"https:\/\/transiterre.com\/wp-content\/uploads\/2025\/01\/cropped-logoOXALIS.png 500w, https:\/\/transiterre.com\/wp-content\/uploads\/2025\/01\/cropped-logoOXALIS-300x83.png 300w\" sizes=\"auto, (max-width: 500px) 100vw, 500px\" \/>\n                      <div class=\"h-image__frame h-hide-lg h-hide-md h-hide-sm style-450-frameImage style-local-130-c26-frameImage\"><\/div>\n                    <\/div>\n                  <\/div>\n                <\/div>\n                <div data-colibri-id=\"130-c27\" class=\"d-block style-448 style-local-130-c27 position-relative h-element\">\n                  <!---->\n                  <div class=\"h-image__frame-container-outer\">\n                    <div class=\"h-image__frame-container\">\n                      <!---->\n                      <!---->\n                      <img loading=\"lazy\" decoding=\"async\" width=\"1789\" height=\"1042\" src=\"https:\/\/transiterre.com\/wp-content\/uploads\/2025\/01\/cropped-AdobeStock_362306286-scaled-1.jpeg\" class=\"wp-image-1064 style-448-image style-local-130-c27-image\" alt=\"\" srcset=\"https:\/\/transiterre.com\/wp-content\/uploads\/2025\/01\/cropped-AdobeStock_362306286-scaled-1.jpeg 1789w, https:\/\/transiterre.com\/wp-content\/uploads\/2025\/01\/cropped-AdobeStock_362306286-scaled-1-300x175.jpeg 300w, https:\/\/transiterre.com\/wp-content\/uploads\/2025\/01\/cropped-AdobeStock_362306286-scaled-1-1024x596.jpeg 1024w, https:\/\/transiterre.com\/wp-content\/uploads\/2025\/01\/cropped-AdobeStock_362306286-scaled-1-768x447.jpeg 768w, https:\/\/transiterre.com\/wp-content\/uploads\/2025\/01\/cropped-AdobeStock_362306286-scaled-1-1536x895.jpeg 1536w\" sizes=\"auto, (max-width: 1789px) 100vw, 1789px\" \/>\n                      <div class=\"h-image__frame h-hide-lg h-hide-md h-hide-sm style-448-frameImage style-local-130-c27-frameImage\"><\/div>\n                    <\/div>\n                  <\/div>\n                <\/div>\n              <\/div>\n            <\/div>\n          <\/div>\n        <\/div>\n      <\/div>\n    <\/div>\n  <\/div>\n<\/div>","protected":false},"excerpt":{"rendered":"<p>Faisons connaissance Sylvie Beaugendre Sp\u00e9cialiste des questions agricoles, de mobilit\u00e9 et form\u00e9e en graphisme, j&#8217;ai cr\u00e9\u00e9 TransiTerre en 2020.&nbsp; Formation Ing\u00e9nieure agronome (Nancy, 2007) Master II TITUS (Transports, Intermodalit\u00e9s, Territoires de l&#8217;Universit\u00e9 de Savoie, 2019) Formation en graphiste multim\u00e9dia (bac+2, Studi, 2025) &nbsp;&nbsp;&nbsp;Mais aussi&#8230; MOOC Gestion de projet et MOOC \u00c9conomie circulaire (2018) \u00c9crivain public [&hellip;]<\/p>\n","protected":false},"author":1,"featured_media":0,"parent":0,"menu_order":0,"comment_status":"closed","ping_status":"closed","template":"page-templates\/full-width-page.php","meta":{"footnotes":""},"class_list":["post-130","page","type-page","status-publish","hentry"],"_links":{"self":[{"href":"https:\/\/transiterre.com\/index.php\/wp-json\/wp\/v2\/pages\/130","targetHints":{"allow":["GET"]}}],"collection":[{"href":"https:\/\/transiterre.com\/index.php\/wp-json\/wp\/v2\/pages"}],"about":[{"href":"https:\/\/transiterre.com\/index.php\/wp-json\/wp\/v2\/types\/page"}],"author":[{"embeddable":true,"href":"https:\/\/transiterre.com\/index.php\/wp-json\/wp\/v2\/users\/1"}],"replies":[{"embeddable":true,"href":"https:\/\/transiterre.com\/index.php\/wp-json\/wp\/v2\/comments?post=130"}],"version-history":[{"count":20,"href":"https:\/\/transiterre.com\/index.php\/wp-json\/wp\/v2\/pages\/130\/revisions"}],"predecessor-version":[{"id":1273,"href":"https:\/\/transiterre.com\/index.php\/wp-json\/wp\/v2\/pages\/130\/revisions\/1273"}],"wp:attachment":[{"href":"https:\/\/transiterre.com\/index.php\/wp-json\/wp\/v2\/media?parent=130"}],"curies":[{"name":"wp","href":"https:\/\/api.w.org\/{rel}","templated":true}]}}